{"id":2767,"date":"2026-02-09T13:47:37","date_gmt":"2026-02-09T12:47:37","guid":{"rendered":"https:\/\/drobinanorbert.hu\/?page_id=2767"},"modified":"2026-03-27T19:18:19","modified_gmt":"2026-03-27T18:18:19","slug":"kezdolap","status":"publish","type":"page","link":"https:\/\/drobinanorbert.hu\/en\/","title":{"rendered":"Home"},"content":{"rendered":"<div data-elementor-type=\"wp-page\" data-elementor-id=\"2767\" class=\"elementor elementor-2767\" data-elementor-post-type=\"page\">\n\t\t\t\t<div class=\"elementor-element elementor-element-a8db7de e-flex e-con-boxed e-con e-parent\" data-id=\"a8db7de\" data-element_type=\"container\" data-e-type=\"container\" data-settings=\"{&quot;background_background&quot;:&quot;gradient&quot;}\">\n\t\t\t\t\t<div class=\"e-con-inner\">\n\t\t\t\t<div class=\"elementor-element elementor-element-c2005b3 elementor-widget elementor-widget-text-editor\" data-id=\"c2005b3\" data-element_type=\"widget\" data-e-type=\"widget\" data-widget_type=\"text-editor.default\">\n\t\t\t\t\t\t\t\t\t<p>Drobina Norbert<\/p>\t\t\t\t\t\t\t\t<\/div>\n\t\t\t\t<div class=\"elementor-element elementor-element-5b15f33 elementor-widget elementor-widget-text-editor\" data-id=\"5b15f33\" data-element_type=\"widget\" data-e-type=\"widget\" data-widget_type=\"text-editor.default\">\n\t\t\t\t\t\t\t\t\t<p>Rehabilitation Specialist \u2022 Massage Therapist<\/p>\t\t\t\t\t\t\t\t<\/div>\n\t\t\t\t<div class=\"elementor-element elementor-element-796742f elementor-widget elementor-widget-image\" data-id=\"796742f\" data-element_type=\"widget\" data-e-type=\"widget\" data-widget_type=\"image.default\">\n\t\t\t\t\t\t\t\t\t\t\t\t\t\t\t<img fetchpriority=\"high\" decoding=\"async\" width=\"800\" height=\"433\" src=\"https:\/\/drobinanorbert.hu\/wp-content\/uploads\/2026\/02\/34705-1024x554.png\" class=\"attachment-large size-large wp-image-2766\" alt=\"\" srcset=\"https:\/\/drobinanorbert.hu\/wp-content\/uploads\/2026\/02\/34705-1024x554.png 1024w, https:\/\/drobinanorbert.hu\/wp-content\/uploads\/2026\/02\/34705-600x325.png 600w, https:\/\/drobinanorbert.hu\/wp-content\/uploads\/2026\/02\/34705-300x162.png 300w, https:\/\/drobinanorbert.hu\/wp-content\/uploads\/2026\/02\/34705-768x415.png 768w, https:\/\/drobinanorbert.hu\/wp-content\/uploads\/2026\/02\/34705.png 1379w\" sizes=\"(max-width: 800px) 100vw, 800px\" \/>\t\t\t\t\t\t\t\t\t\t\t\t\t\t\t<\/div>\n\t\t\t\t<div class=\"elementor-element elementor-element-0ce785d elementor-widget elementor-widget-text-editor\" data-id=\"0ce785d\" data-element_type=\"widget\" data-e-type=\"widget\" data-widget_type=\"text-editor.default\">\n\t\t\t\t\t\t\t\t\t<p>Pain is not a default state.<\/p>\t\t\t\t\t\t\t\t<\/div>\n\t\t\t\t<div class=\"elementor-element elementor-element-ca96de5 elementor-widget elementor-widget-text-editor\" data-id=\"ca96de5\" data-element_type=\"widget\" data-e-type=\"widget\" data-widget_type=\"text-editor.default\">\n\t\t\t\t\t\t\t\t\t<p>Accurate diagnosis. Targeted therapy. <br \/>Real results.<\/p>\t\t\t\t\t\t\t\t<\/div>\n\t\t<div class=\"elementor-element elementor-element-714273d e-con-full e-flex e-con e-child\" data-id=\"714273d\" data-element_type=\"container\" data-e-type=\"container\">\n\t\t\t\t<div class=\"elementor-element elementor-element-ae71390 elementor-mobile-position-inline-start elementor-position-inline-start elementor-view-default elementor-widget elementor-widget-icon-box\" data-id=\"ae71390\" data-element_type=\"widget\" data-e-type=\"widget\" data-widget_type=\"icon-box.default\">\n\t\t\t\t\t\t\t<div class=\"elementor-icon-box-wrapper\">\n\n\t\t\t\t\t\t<div class=\"elementor-icon-box-icon\">\n\t\t\t\t<span  class=\"elementor-icon\">\n\t\t\t\t<svg aria-hidden=\"true\" class=\"e-font-icon-svg e-fas-user-check\" viewbox=\"0 0 640 512\" xmlns=\"http:\/\/www.w3.org\/2000\/svg\"><path d=\"M224 256c70.7 0 128-57.3 128-128S294.7 0 224 0 96 57.3 96 128s57.3 128 128 128zm89.6 32h-16.7c-22.2 10.2-46.9 16-72.9 16s-50.6-5.8-72.9-16h-16.7C60.2 288 0 348.2 0 422.4V464c0 26.5 21.5 48 48 48h352c26.5 0 48-21.5 48-48v-41.6c0-74.2-60.2-134.4-134.4-134.4zm323-128.4l-27.8-28.1c-4.6-4.7-12.1-4.7-16.8-.1l-104.8 104-45.5-45.8c-4.6-4.7-12.1-4.7-16.8-.1l-28.1 27.9c-4.7 4.6-4.7 12.1-.1 16.8l81.7 82.3c4.6 4.7 12.1 4.7 16.8.1l141.3-140.2c4.6-4.7 4.7-12.2.1-16.8z\"><\/path><\/svg>\t\t\t\t<\/span>\n\t\t\t<\/div>\n\t\t\t\n\t\t\t\t\t\t<div class=\"elementor-icon-box-content\">\n\n\t\t\t\t\t\t\t\t\t<h3 class=\"elementor-icon-box-title\">\n\t\t\t\t\t\t<span  >\n\t\t\t\t\t\t\tHundreds of successful treatment cases\t\t\t\t\t\t<\/span>\n\t\t\t\t\t<\/h3>\n\t\t\t\t\n\t\t\t\t\n\t\t\t<\/div>\n\t\t\t\n\t\t<\/div>\n\t\t\t\t\t\t<\/div>\n\t\t\t\t<div class=\"elementor-element elementor-element-51d9361 elementor-mobile-position-inline-start elementor-position-inline-start elementor-view-default elementor-widget elementor-widget-icon-box\" data-id=\"51d9361\" data-element_type=\"widget\" data-e-type=\"widget\" data-widget_type=\"icon-box.default\">\n\t\t\t\t\t\t\t<div class=\"elementor-icon-box-wrapper\">\n\n\t\t\t\t\t\t<div class=\"elementor-icon-box-icon\">\n\t\t\t\t<span  class=\"elementor-icon\">\n\t\t\t\t<svg aria-hidden=\"true\" class=\"e-font-icon-svg e-fas-trophy\" viewbox=\"0 0 576 512\" xmlns=\"http:\/\/www.w3.org\/2000\/svg\"><path d=\"M552 64H448V24c0-13.3-10.7-24-24-24H152c-13.3 0-24 10.7-24 24v40H24C10.7 64 0 74.7 0 88v56c0 35.7 22.5 72.4 61.9 100.7 31.5 22.7 69.8 37.1 110 41.7C203.3 338.5 240 360 240 360v72h-48c-35.3 0-64 20.7-64 56v12c0 6.6 5.4 12 12 12h296c6.6 0 12-5.4 12-12v-12c0-35.3-28.7-56-64-56h-48v-72s36.7-21.5 68.1-73.6c40.3-4.6 78.6-19 110-41.7 39.3-28.3 61.9-65 61.9-100.7V88c0-13.3-10.7-24-24-24zM99.3 192.8C74.9 175.2 64 155.6 64 144v-16h64.2c1 32.6 5.8 61.2 12.8 86.2-15.1-5.2-29.2-12.4-41.7-21.4zM512 144c0 16.1-17.7 36.1-35.3 48.8-12.5 9-26.7 16.2-41.8 21.4 7-25 11.8-53.6 12.8-86.2H512v16z\"><\/path><\/svg>\t\t\t\t<\/span>\n\t\t\t<\/div>\n\t\t\t\n\t\t\t\t\t\t<div class=\"elementor-icon-box-content\">\n\n\t\t\t\t\t\t\t\t\t<h3 class=\"elementor-icon-box-title\">\n\t\t\t\t\t\t<span  >\n\t\t\t\t\t\t\tBackground in international proffessional sports\t\t\t\t\t\t<\/span>\n\t\t\t\t\t<\/h3>\n\t\t\t\t\n\t\t\t\t\n\t\t\t<\/div>\n\t\t\t\n\t\t<\/div>\n\t\t\t\t\t\t<\/div>\n\t\t\t\t<div class=\"elementor-element elementor-element-7885954 elementor-mobile-position-inline-start elementor-position-inline-start elementor-view-default elementor-widget elementor-widget-icon-box\" data-id=\"7885954\" data-element_type=\"widget\" data-e-type=\"widget\" data-widget_type=\"icon-box.default\">\n\t\t\t\t\t\t\t<div class=\"elementor-icon-box-wrapper\">\n\n\t\t\t\t\t\t<div class=\"elementor-icon-box-icon\">\n\t\t\t\t<span  class=\"elementor-icon\">\n\t\t\t\t<svg aria-hidden=\"true\" class=\"e-font-icon-svg e-fas-bullseye\" viewbox=\"0 0 496 512\" xmlns=\"http:\/\/www.w3.org\/2000\/svg\"><path d=\"M248 8C111.03 8 0 119.03 0 256s111.03 248 248 248 248-111.03 248-248S384.97 8 248 8zm0 432c-101.69 0-184-82.29-184-184 0-101.69 82.29-184 184-184 101.69 0 184 82.29 184 184 0 101.69-82.29 184-184 184zm0-312c-70.69 0-128 57.31-128 128s57.31 128 128 128 128-57.31 128-128-57.31-128-128-128zm0 192c-35.29 0-64-28.71-64-64s28.71-64 64-64 64 28.71 64 64-28.71 64-64 64z\"><\/path><\/svg>\t\t\t\t<\/span>\n\t\t\t<\/div>\n\t\t\t\n\t\t\t\t\t\t<div class=\"elementor-icon-box-content\">\n\n\t\t\t\t\t\t\t\t\t<h3 class=\"elementor-icon-box-title\">\n\t\t\t\t\t\t<span  >\n\t\t\t\t\t\t\tPersonalized, precise solutions\t\t\t\t\t\t<\/span>\n\t\t\t\t\t<\/h3>\n\t\t\t\t\n\t\t\t\t\n\t\t\t<\/div>\n\t\t\t\n\t\t<\/div>\n\t\t\t\t\t\t<\/div>\n\t\t\t\t<div class=\"elementor-element elementor-element-b3b0c8e elementor-mobile-position-inline-start elementor-position-inline-start elementor-view-default elementor-widget elementor-widget-icon-box\" data-id=\"b3b0c8e\" data-element_type=\"widget\" data-e-type=\"widget\" data-widget_type=\"icon-box.default\">\n\t\t\t\t\t\t\t<div class=\"elementor-icon-box-wrapper\">\n\n\t\t\t\t\t\t<div class=\"elementor-icon-box-icon\">\n\t\t\t\t<span  class=\"elementor-icon\">\n\t\t\t\t<svg aria-hidden=\"true\" class=\"e-font-icon-svg e-fas-spa\" viewbox=\"0 0 576 512\" xmlns=\"http:\/\/www.w3.org\/2000\/svg\"><path d=\"M568.25 192c-29.04.13-135.01 6.16-213.84 83-33.12 29.63-53.36 63.3-66.41 94.86-13.05-31.56-33.29-65.23-66.41-94.86-78.83-76.84-184.8-82.87-213.84-83-4.41-.02-7.79 3.4-7.75 7.82.23 27.92 7.14 126.14 88.77 199.3C172.79 480.94 256 480 288 480s115.19.95 199.23-80.88c81.64-73.17 88.54-171.38 88.77-199.3.04-4.42-3.34-7.84-7.75-7.82zM287.98 302.6c12.82-18.85 27.6-35.78 44.09-50.52 19.09-18.61 39.58-33.3 60.26-45.18-16.44-70.5-51.72-133.05-96.73-172.22-4.11-3.58-11.02-3.58-15.14 0-44.99 39.14-80.27 101.63-96.74 172.07 20.37 11.7 40.5 26.14 59.22 44.39a282.768 282.768 0 0 1 45.04 51.46z\"><\/path><\/svg>\t\t\t\t<\/span>\n\t\t\t<\/div>\n\t\t\t\n\t\t\t\t\t\t<div class=\"elementor-icon-box-content\">\n\n\t\t\t\t\t\t\t\t\t<h3 class=\"elementor-icon-box-title\">\n\t\t\t\t\t\t<span  >\n\t\t\t\t\t\t\tHigh-level rehabilitation and recovery\t\t\t\t\t\t<\/span>\n\t\t\t\t\t<\/h3>\n\t\t\t\t\n\t\t\t\t\n\t\t\t<\/div>\n\t\t\t\n\t\t<\/div>\n\t\t\t\t\t\t<\/div>\n\t\t\t\t<\/div>\n\t\t\t\t<div class=\"elementor-element elementor-element-0b372c8 elementor-align-center elementor-mobile-align-justify elementor-widget elementor-widget-button\" data-id=\"0b372c8\" data-element_type=\"widget\" data-e-type=\"widget\" data-widget_type=\"button.default\">\n\t\t\t\t\t\t\t\t\t\t<a class=\"elementor-button elementor-button-link elementor-size-lg\" href=\"\/en\/bemutatkozas\/\">\n\t\t\t\t\t\t<span class=\"elementor-button-content-wrapper\">\n\t\t\t\t\t\t\t\t\t<span class=\"elementor-button-text\">Discover my story<\/span>\n\t\t\t\t\t<\/span>\n\t\t\t\t\t<\/a>\n\t\t\t\t\t\t\t\t<\/div>\n\t\t\t\t<div class=\"elementor-element elementor-element-2bb37f0 elementor-align-center elementor-mobile-align-justify elementor-widget elementor-widget-button\" data-id=\"2bb37f0\" data-element_type=\"widget\" data-e-type=\"widget\" data-widget_type=\"button.default\">\n\t\t\t\t\t\t\t\t\t\t<a class=\"elementor-button elementor-button-link elementor-size-lg\" href=\"\/en\/kapcsolat\/\">\n\t\t\t\t\t\t<span class=\"elementor-button-content-wrapper\">\n\t\t\t\t\t\t\t\t\t<span class=\"elementor-button-text\">Book an appointment today<\/span>\n\t\t\t\t\t<\/span>\n\t\t\t\t\t<\/a>\n\t\t\t\t\t\t\t\t<\/div>\n\t\t\t\t<div class=\"elementor-element elementor-element-5462eaf elementor-icon-list--layout-inline elementor-align-center elementor-mobile-align-center elementor-list-item-link-full_width elementor-widget elementor-widget-icon-list\" data-id=\"5462eaf\" data-element_type=\"widget\" data-e-type=\"widget\" data-widget_type=\"icon-list.default\">\n\t\t\t\t\t\t\t<ul class=\"elementor-icon-list-items elementor-inline-items\">\n\t\t\t\t\t\t\t<li class=\"elementor-icon-list-item elementor-inline-item\">\n\t\t\t\t\t\t\t\t\t\t\t<span class=\"elementor-icon-list-icon\">\n\t\t\t\t\t\t\t<svg aria-hidden=\"true\" class=\"e-font-icon-svg e-fas-phone\" viewbox=\"0 0 512 512\" xmlns=\"http:\/\/www.w3.org\/2000\/svg\"><path d=\"M493.4 24.6l-104-24c-11.3-2.6-22.9 3.3-27.5 13.9l-48 112c-4.2 9.8-1.4 21.3 6.9 28l60.6 49.6c-36 76.7-98.9 140.5-177.2 177.2l-49.6-60.6c-6.8-8.3-18.2-11.1-28-6.9l-112 48C3.9 366.5-2 378.1.6 389.4l24 104C27.1 504.2 36.7 512 48 512c256.1 0 464-207.5 464-464 0-11.2-7.7-20.9-18.6-23.4z\"><\/path><\/svg>\t\t\t\t\t\t<\/span>\n\t\t\t\t\t\t\t\t\t\t<span class=\"elementor-icon-list-text\">+36 70\/609-6040<\/span>\n\t\t\t\t\t\t\t\t\t<\/li>\n\t\t\t\t\t\t\t\t<li class=\"elementor-icon-list-item elementor-inline-item\">\n\t\t\t\t\t\t\t\t\t\t\t<span class=\"elementor-icon-list-icon\">\n\t\t\t\t\t\t\t<svg aria-hidden=\"true\" class=\"e-font-icon-svg e-fas-envelope\" viewbox=\"0 0 512 512\" xmlns=\"http:\/\/www.w3.org\/2000\/svg\"><path d=\"M502.3 190.8c3.9-3.1 9.7-.2 9.7 4.7V400c0 26.5-21.5 48-48 48H48c-26.5 0-48-21.5-48-48V195.6c0-5 5.7-7.8 9.7-4.7 22.4 17.4 52.1 39.5 154.1 113.6 21.1 15.4 56.7 47.8 92.2 47.6 35.7.3 72-32.8 92.3-47.6 102-74.1 131.6-96.3 154-113.7zM256 320c23.2.4 56.6-29.2 73.4-41.4 132.7-96.3 142.8-104.7 173.4-128.7 5.8-4.5 9.2-11.5 9.2-18.9v-19c0-26.5-21.5-48-48-48H48C21.5 64 0 85.5 0 112v19c0 7.4 3.4 14.3 9.2 18.9 30.6 23.9 40.7 32.4 173.4 128.7 16.8 12.2 50.2 41.8 73.4 41.4z\"><\/path><\/svg>\t\t\t\t\t\t<\/span>\n\t\t\t\t\t\t\t\t\t\t<span class=\"elementor-icon-list-text\">drobinafit@gmail.com<\/span>\n\t\t\t\t\t\t\t\t\t<\/li>\n\t\t\t\t\t\t<\/ul>\n\t\t\t\t\t\t<\/div>\n\t\t\t\t<div class=\"elementor-element elementor-element-68a5960 elementor-icon-list--layout-inline elementor-align-center elementor-mobile-align-center elementor-list-item-link-full_width elementor-widget elementor-widget-icon-list\" data-id=\"68a5960\" data-element_type=\"widget\" data-e-type=\"widget\" data-widget_type=\"icon-list.default\">\n\t\t\t\t\t\t\t<ul class=\"elementor-icon-list-items elementor-inline-items\">\n\t\t\t\t\t\t\t<li class=\"elementor-icon-list-item elementor-inline-item\">\n\t\t\t\t\t\t\t\t\t\t\t<a href=\"https:\/\/www.facebook.com\/drobina.norbert\/\" target=\"_blank\">\n\n\t\t\t\t\t\t\t\t\t\t\t\t<span class=\"elementor-icon-list-icon\">\n\t\t\t\t\t\t\t<svg aria-hidden=\"true\" class=\"e-font-icon-svg e-fab-facebook-f\" viewbox=\"0 0 320 512\" xmlns=\"http:\/\/www.w3.org\/2000\/svg\"><path d=\"M279.14 288l14.22-92.66h-88.91v-60.13c0-25.35 12.42-50.06 52.24-50.06h40.42V6.26S260.43 0 225.36 0c-73.22 0-121.08 44.38-121.08 124.72v70.62H22.89V288h81.39v224h100.17V288z\"><\/path><\/svg>\t\t\t\t\t\t<\/span>\n\t\t\t\t\t\t\t\t\t\t<span class=\"elementor-icon-list-text\">@drobina.norbert<\/span>\n\t\t\t\t\t\t\t\t\t\t\t<\/a>\n\t\t\t\t\t\t\t\t\t<\/li>\n\t\t\t\t\t\t\t\t<li class=\"elementor-icon-list-item elementor-inline-item\">\n\t\t\t\t\t\t\t\t\t\t\t<a href=\"https:\/\/www.instagram.com\/drobinanorbert\" target=\"_blank\">\n\n\t\t\t\t\t\t\t\t\t\t\t\t<span class=\"elementor-icon-list-icon\">\n\t\t\t\t\t\t\t<svg aria-hidden=\"true\" class=\"e-font-icon-svg e-fab-instagram\" viewbox=\"0 0 448 512\" xmlns=\"http:\/\/www.w3.org\/2000\/svg\"><path d=\"M224.1 141c-63.6 0-114.9 51.3-114.9 114.9s51.3 114.9 114.9 114.9S339 319.5 339 255.9 287.7 141 224.1 141zm0 189.6c-41.1 0-74.7-33.5-74.7-74.7s33.5-74.7 74.7-74.7 74.7 33.5 74.7 74.7-33.6 74.7-74.7 74.7zm146.4-194.3c0 14.9-12 26.8-26.8 26.8-14.9 0-26.8-12-26.8-26.8s12-26.8 26.8-26.8 26.8 12 26.8 26.8zm76.1 27.2c-1.7-35.9-9.9-67.7-36.2-93.9-26.2-26.2-58-34.4-93.9-36.2-37-2.1-147.9-2.1-184.9 0-35.8 1.7-67.6 9.9-93.9 36.1s-34.4 58-36.2 93.9c-2.1 37-2.1 147.9 0 184.9 1.7 35.9 9.9 67.7 36.2 93.9s58 34.4 93.9 36.2c37 2.1 147.9 2.1 184.9 0 35.9-1.7 67.7-9.9 93.9-36.2 26.2-26.2 34.4-58 36.2-93.9 2.1-37 2.1-147.8 0-184.8zM398.8 388c-7.8 19.6-22.9 34.7-42.6 42.6-29.5 11.7-99.5 9-132.1 9s-102.7 2.6-132.1-9c-19.6-7.8-34.7-22.9-42.6-42.6-11.7-29.5-9-99.5-9-132.1s-2.6-102.7 9-132.1c7.8-19.6 22.9-34.7 42.6-42.6 29.5-11.7 99.5-9 132.1-9s102.7-2.6 132.1 9c19.6 7.8 34.7 22.9 42.6 42.6 11.7 29.5 9 99.5 9 132.1s2.7 102.7-9 132.1z\"><\/path><\/svg>\t\t\t\t\t\t<\/span>\n\t\t\t\t\t\t\t\t\t\t<span class=\"elementor-icon-list-text\">@drobinanorbert<\/span>\n\t\t\t\t\t\t\t\t\t\t\t<\/a>\n\t\t\t\t\t\t\t\t\t<\/li>\n\t\t\t\t\t\t<\/ul>\n\t\t\t\t\t\t<\/div>\n\t\t\t\t\t<\/div>\n\t\t\t\t<\/div>\n\t\t\t\t<\/div>","protected":false},"excerpt":{"rendered":"<p>Drobina Norbert Rehabilit\u00e1ci\u00f3s szakember \u2022 Massz\u00e1zsterapeuta A f\u00e1jdalom nem alap\u00e1llapot. Pontos diagn\u00f3zis. C\u00e9lzott ter\u00e1pia. Val\u00f3di eredm\u00e9ny. T\u00f6bb sz\u00e1z sikeres kezel\u00e9s tapasztalata Nemzetk\u00f6zi \u00e9lsportol\u00f3i h\u00e1tt\u00e9r Szem\u00e9lyre szabott, prec\u00edz megold\u00e1sok Rehabilit\u00e1ci\u00f3 \u00e9s regener\u00e1ci\u00f3 magas szinten Ismerd meg a t\u00f6rt\u00e9netem Foglalj id\u0151pontot m\u00e9g ma +36 70\/609-6040 drobinafit@gmail.com @drobina.norbert @drobinanorbert<\/p>","protected":false},"author":1,"featured_media":2766,"parent":0,"menu_order":0,"comment_status":"closed","ping_status":"closed","template":"elementor_header_footer","meta":{"footnotes":""},"class_list":["post-2767","page","type-page","status-publish","has-post-thumbnail","hentry"],"yoast_head":"<!-- This site is optimized with the Yoast SEO Premium plugin v27.0 (Yoast SEO v27.2) - https:\/\/yoast.com\/product\/yoast-seo-premium-wordpress\/ -->\n<title>Kezd\u0151lap - Drobinanorbert.hu<\/title>\n<meta name=\"robots\" content=\"index, follow, max-snippet:-1, max-image-preview:large, max-video-preview:-1\" \/>\n<link rel=\"canonical\" href=\"https:\/\/drobinanorbert.hu\/en\/\" \/>\n<meta property=\"og:locale\" content=\"en_GB\" \/>\n<meta property=\"og:type\" content=\"article\" \/>\n<meta property=\"og:title\" content=\"Kezd\u0151lap\" \/>\n<meta property=\"og:description\" content=\"Drobina Norbert Rehabilit\u00e1ci\u00f3s szakember \u2022 Massz\u00e1zsterapeuta A f\u00e1jdalom nem alap\u00e1llapot. Pontos diagn\u00f3zis. C\u00e9lzott ter\u00e1pia. Val\u00f3di eredm\u00e9ny. T\u00f6bb sz\u00e1z sikeres kezel\u00e9s tapasztalata Nemzetk\u00f6zi \u00e9lsportol\u00f3i h\u00e1tt\u00e9r Szem\u00e9lyre szabott, prec\u00edz megold\u00e1sok Rehabilit\u00e1ci\u00f3 \u00e9s regener\u00e1ci\u00f3 magas szinten Ismerd meg a t\u00f6rt\u00e9netem Foglalj id\u0151pontot m\u00e9g ma +36 70\/609-6040 drobinafit@gmail.com @drobina.norbert @drobinanorbert\" \/>\n<meta property=\"og:url\" content=\"https:\/\/drobinanorbert.hu\/en\/\" \/>\n<meta property=\"og:site_name\" content=\"Drobinanorbert.hu\" \/>\n<meta property=\"article:modified_time\" content=\"2026-03-27T18:18:19+00:00\" \/>\n<meta property=\"og:image\" content=\"https:\/\/drobinanorbert.hu\/wp-content\/uploads\/2026\/02\/34705-1024x554.png\" \/>\n\t<meta property=\"og:image:width\" content=\"1024\" \/>\n\t<meta property=\"og:image:height\" content=\"554\" \/>\n\t<meta property=\"og:image:type\" content=\"image\/png\" \/>\n<meta name=\"twitter:card\" content=\"summary_large_image\" \/>\n<meta name=\"twitter:image\" content=\"https:\/\/drobinanorbert.hu\/wp-content\/uploads\/2026\/01\/6346346-scaled.jpg\" \/>\n<meta name=\"twitter:label1\" content=\"Estimated reading time\" \/>\n\t<meta name=\"twitter:data1\" content=\"1 minute\" \/>\n<script type=\"application\/ld+json\" class=\"yoast-schema-graph\">{\"@context\":\"https:\/\/schema.org\",\"@graph\":[{\"@type\":\"WebPage\",\"@id\":\"https:\/\/drobinanorbert.hu\/\",\"url\":\"https:\/\/drobinanorbert.hu\/\",\"name\":\"Kezd\u0151lap - Drobinanorbert.hu\",\"isPartOf\":{\"@id\":\"https:\/\/drobinanorbert.hu\/#website\"},\"primaryImageOfPage\":{\"@id\":\"https:\/\/drobinanorbert.hu\/#primaryimage\"},\"image\":{\"@id\":\"https:\/\/drobinanorbert.hu\/#primaryimage\"},\"thumbnailUrl\":\"https:\/\/drobinanorbert.hu\/wp-content\/uploads\/2026\/02\/34705.png\",\"datePublished\":\"2026-02-09T12:47:37+00:00\",\"dateModified\":\"2026-03-27T18:18:19+00:00\",\"breadcrumb\":{\"@id\":\"https:\/\/drobinanorbert.hu\/#breadcrumb\"},\"inLanguage\":\"en-GB\",\"potentialAction\":[{\"@type\":\"ReadAction\",\"target\":[\"https:\/\/drobinanorbert.hu\/\"]}]},{\"@type\":\"ImageObject\",\"inLanguage\":\"en-GB\",\"@id\":\"https:\/\/drobinanorbert.hu\/#primaryimage\",\"url\":\"https:\/\/drobinanorbert.hu\/wp-content\/uploads\/2026\/02\/34705.png\",\"contentUrl\":\"https:\/\/drobinanorbert.hu\/wp-content\/uploads\/2026\/02\/34705.png\",\"width\":1379,\"height\":746},{\"@type\":\"BreadcrumbList\",\"@id\":\"https:\/\/drobinanorbert.hu\/#breadcrumb\",\"itemListElement\":[{\"@type\":\"ListItem\",\"position\":1,\"name\":\"Kezd\u0151lap\",\"item\":\"https:\/\/drobinanorbert.hu\/\"},{\"@type\":\"ListItem\",\"position\":2,\"name\":\"Kezd\u0151lap\"}]},{\"@type\":\"WebSite\",\"@id\":\"https:\/\/drobinanorbert.hu\/#website\",\"url\":\"https:\/\/drobinanorbert.hu\/\",\"name\":\"Drobinanorbert.hu\",\"description\":\"Drobinanorbert.hu\",\"publisher\":{\"@id\":\"https:\/\/drobinanorbert.hu\/#organization\"},\"potentialAction\":[{\"@type\":\"SearchAction\",\"target\":{\"@type\":\"EntryPoint\",\"urlTemplate\":\"https:\/\/drobinanorbert.hu\/?s={search_term_string}\"},\"query-input\":{\"@type\":\"PropertyValueSpecification\",\"valueRequired\":true,\"valueName\":\"search_term_string\"}}],\"inLanguage\":\"en-GB\"},{\"@type\":\"Organization\",\"@id\":\"https:\/\/drobinanorbert.hu\/#organization\",\"name\":\"Drobinanorbert.hu\",\"url\":\"https:\/\/drobinanorbert.hu\/\",\"logo\":{\"@type\":\"ImageObject\",\"inLanguage\":\"en-GB\",\"@id\":\"https:\/\/drobinanorbert.hu\/#\/schema\/logo\/image\/\",\"url\":\"https:\/\/drobinanorbert.hu\/wp-content\/uploads\/2025\/12\/logo-1.png\",\"contentUrl\":\"https:\/\/drobinanorbert.hu\/wp-content\/uploads\/2025\/12\/logo-1.png\",\"width\":1024,\"height\":1024,\"caption\":\"Drobinanorbert.hu\"},\"image\":{\"@id\":\"https:\/\/drobinanorbert.hu\/#\/schema\/logo\/image\/\"}}]}<\/script>\n<!-- \/ Yoast SEO Premium plugin. -->","yoast_head_json":{"title":"Kezd\u0151lap - Drobinanorbert.hu","robots":{"index":"index","follow":"follow","max-snippet":"max-snippet:-1","max-image-preview":"max-image-preview:large","max-video-preview":"max-video-preview:-1"},"canonical":"https:\/\/drobinanorbert.hu\/en\/","og_locale":"en_GB","og_type":"article","og_title":"Kezd\u0151lap","og_description":"Drobina Norbert Rehabilit\u00e1ci\u00f3s szakember \u2022 Massz\u00e1zsterapeuta A f\u00e1jdalom nem alap\u00e1llapot. Pontos diagn\u00f3zis. C\u00e9lzott ter\u00e1pia. Val\u00f3di eredm\u00e9ny. T\u00f6bb sz\u00e1z sikeres kezel\u00e9s tapasztalata Nemzetk\u00f6zi \u00e9lsportol\u00f3i h\u00e1tt\u00e9r Szem\u00e9lyre szabott, prec\u00edz megold\u00e1sok Rehabilit\u00e1ci\u00f3 \u00e9s regener\u00e1ci\u00f3 magas szinten Ismerd meg a t\u00f6rt\u00e9netem Foglalj id\u0151pontot m\u00e9g ma +36 70\/609-6040 drobinafit@gmail.com @drobina.norbert @drobinanorbert","og_url":"https:\/\/drobinanorbert.hu\/en\/","og_site_name":"Drobinanorbert.hu","article_modified_time":"2026-03-27T18:18:19+00:00","og_image":[{"width":1024,"height":554,"url":"https:\/\/drobinanorbert.hu\/wp-content\/uploads\/2026\/02\/34705-1024x554.png","type":"image\/png"}],"twitter_card":"summary_large_image","twitter_image":"https:\/\/drobinanorbert.hu\/wp-content\/uploads\/2026\/01\/6346346-scaled.jpg","twitter_misc":{"Estimated reading time":"1 minute"},"schema":{"@context":"https:\/\/schema.org","@graph":[{"@type":"WebPage","@id":"https:\/\/drobinanorbert.hu\/","url":"https:\/\/drobinanorbert.hu\/","name":"Kezd\u0151lap - Drobinanorbert.hu","isPartOf":{"@id":"https:\/\/drobinanorbert.hu\/#website"},"primaryImageOfPage":{"@id":"https:\/\/drobinanorbert.hu\/#primaryimage"},"image":{"@id":"https:\/\/drobinanorbert.hu\/#primaryimage"},"thumbnailUrl":"https:\/\/drobinanorbert.hu\/wp-content\/uploads\/2026\/02\/34705.png","datePublished":"2026-02-09T12:47:37+00:00","dateModified":"2026-03-27T18:18:19+00:00","breadcrumb":{"@id":"https:\/\/drobinanorbert.hu\/#breadcrumb"},"inLanguage":"en-GB","potentialAction":[{"@type":"ReadAction","target":["https:\/\/drobinanorbert.hu\/"]}]},{"@type":"ImageObject","inLanguage":"en-GB","@id":"https:\/\/drobinanorbert.hu\/#primaryimage","url":"https:\/\/drobinanorbert.hu\/wp-content\/uploads\/2026\/02\/34705.png","contentUrl":"https:\/\/drobinanorbert.hu\/wp-content\/uploads\/2026\/02\/34705.png","width":1379,"height":746},{"@type":"BreadcrumbList","@id":"https:\/\/drobinanorbert.hu\/#breadcrumb","itemListElement":[{"@type":"ListItem","position":1,"name":"Kezd\u0151lap","item":"https:\/\/drobinanorbert.hu\/"},{"@type":"ListItem","position":2,"name":"Kezd\u0151lap"}]},{"@type":"WebSite","@id":"https:\/\/drobinanorbert.hu\/#website","url":"https:\/\/drobinanorbert.hu\/","name":"Drobinanorbert.hu","description":"Drobinanorbert.hu","publisher":{"@id":"https:\/\/drobinanorbert.hu\/#organization"},"potentialAction":[{"@type":"SearchAction","target":{"@type":"EntryPoint","urlTemplate":"https:\/\/drobinanorbert.hu\/?s={search_term_string}"},"query-input":{"@type":"PropertyValueSpecification","valueRequired":true,"valueName":"search_term_string"}}],"inLanguage":"en-GB"},{"@type":"Organization","@id":"https:\/\/drobinanorbert.hu\/#organization","name":"Drobinanorbert.hu","url":"https:\/\/drobinanorbert.hu\/","logo":{"@type":"ImageObject","inLanguage":"en-GB","@id":"https:\/\/drobinanorbert.hu\/#\/schema\/logo\/image\/","url":"https:\/\/drobinanorbert.hu\/wp-content\/uploads\/2025\/12\/logo-1.png","contentUrl":"https:\/\/drobinanorbert.hu\/wp-content\/uploads\/2025\/12\/logo-1.png","width":1024,"height":1024,"caption":"Drobinanorbert.hu"},"image":{"@id":"https:\/\/drobinanorbert.hu\/#\/schema\/logo\/image\/"}}]}},"_links":{"self":[{"href":"https:\/\/drobinanorbert.hu\/en\/wp-json\/wp\/v2\/pages\/2767","targetHints":{"allow":["GET"]}}],"collection":[{"href":"https:\/\/drobinanorbert.hu\/en\/wp-json\/wp\/v2\/pages"}],"about":[{"href":"https:\/\/drobinanorbert.hu\/en\/wp-json\/wp\/v2\/types\/page"}],"author":[{"embeddable":true,"href":"https:\/\/drobinanorbert.hu\/en\/wp-json\/wp\/v2\/users\/1"}],"replies":[{"embeddable":true,"href":"https:\/\/drobinanorbert.hu\/en\/wp-json\/wp\/v2\/comments?post=2767"}],"version-history":[{"count":255,"href":"https:\/\/drobinanorbert.hu\/en\/wp-json\/wp\/v2\/pages\/2767\/revisions"}],"predecessor-version":[{"id":5528,"href":"https:\/\/drobinanorbert.hu\/en\/wp-json\/wp\/v2\/pages\/2767\/revisions\/5528"}],"wp:featuredmedia":[{"embeddable":true,"href":"https:\/\/drobinanorbert.hu\/en\/wp-json\/wp\/v2\/media\/2766"}],"wp:attachment":[{"href":"https:\/\/drobinanorbert.hu\/en\/wp-json\/wp\/v2\/media?parent=2767"}],"curies":[{"name":"wp","href":"https:\/\/api.w.org\/{rel}","templated":true}]}}