{"id":3525,"date":"2026-02-23T10:54:34","date_gmt":"2026-02-23T09:54:34","guid":{"rendered":"https:\/\/drobinanorbert.hu\/termek\/kineziolgiai-tapasz-felhelyezese-ajandekutalvany\/"},"modified":"2026-03-27T14:20:50","modified_gmt":"2026-03-27T13:20:50","slug":"kineziolgiai-tapasz-felhelyezese-ajandekutalvany","status":"publish","type":"product","link":"https:\/\/drobinanorbert.hu\/en\/product\/kineziolgiai-tapasz-felhelyezese-ajandekutalvany\/","title":{"rendered":"Application of a kinesiology patch gift card"},"content":{"rendered":"","protected":false},"excerpt":{"rendered":"","protected":false},"featured_media":4204,"comment_status":"open","ping_status":"closed","template":"","meta":[],"product_brand":[],"product_cat":[26],"product_tag":[],"class_list":{"0":"post-3525","1":"product","2":"type-product","3":"status-publish","4":"has-post-thumbnail","6":"product_cat-ajandekutalvany","8":"first","9":"instock","10":"downloadable","11":"virtual","12":"purchasable","13":"product-type-simple"},"yoast_head":"<!-- This site is optimized with the Yoast SEO Premium plugin v27.0 (Yoast SEO v27.2) - https:\/\/yoast.com\/product\/yoast-seo-premium-wordpress\/ -->\n<title>Kineziol\u00f3giai tapasz felhelyez\u00e9se aj\u00e1nd\u00e9kutalv\u00e1ny - Drobinanorbert.hu<\/title>\n<meta name=\"robots\" content=\"index, follow, max-snippet:-1, max-image-preview:large, max-video-preview:-1\" \/>\n<link rel=\"canonical\" href=\"https:\/\/drobinanorbert.hu\/en\/product\/kineziolgiai-tapasz-felhelyezese-ajandekutalvany\/\" \/>\n<meta property=\"og:locale\" content=\"en_GB\" \/>\n<meta property=\"og:type\" content=\"article\" \/>\n<meta property=\"og:title\" content=\"Kineziol\u00f3giai tapasz felhelyez\u00e9se aj\u00e1nd\u00e9kutalv\u00e1ny\" \/>\n<meta property=\"og:url\" content=\"https:\/\/drobinanorbert.hu\/en\/product\/kineziolgiai-tapasz-felhelyezese-ajandekutalvany\/\" \/>\n<meta property=\"og:site_name\" content=\"Drobinanorbert.hu\" \/>\n<meta property=\"article:modified_time\" content=\"2026-03-27T13:20:50+00:00\" \/>\n<meta property=\"og:image\" content=\"https:\/\/drobinanorbert.hu\/wp-content\/uploads\/2026\/03\/kinez-scaled.jpg\" \/>\n\t<meta property=\"og:image:width\" content=\"2560\" \/>\n\t<meta property=\"og:image:height\" content=\"1707\" \/>\n\t<meta property=\"og:image:type\" content=\"image\/jpeg\" \/>\n<meta name=\"twitter:card\" content=\"summary_large_image\" \/>\n<meta name=\"twitter:label1\" content=\"Estimated reading time\" \/>\n\t<meta name=\"twitter:data1\" content=\"1 minute\" \/>\n<script type=\"application\/ld+json\" class=\"yoast-schema-graph\">{\"@context\":\"https:\/\/schema.org\",\"@graph\":[{\"@type\":\"WebPage\",\"@id\":\"https:\/\/drobinanorbert.hu\/termek\/kineziolgiai-tapasz-felhelyezese-ajandekutalvany\/\",\"url\":\"https:\/\/drobinanorbert.hu\/termek\/kineziolgiai-tapasz-felhelyezese-ajandekutalvany\/\",\"name\":\"Kineziol\u00f3giai tapasz felhelyez\u00e9se aj\u00e1nd\u00e9kutalv\u00e1ny - Drobinanorbert.hu\",\"isPartOf\":{\"@id\":\"https:\/\/drobinanorbert.hu\/#website\"},\"primaryImageOfPage\":{\"@id\":\"https:\/\/drobinanorbert.hu\/termek\/kineziolgiai-tapasz-felhelyezese-ajandekutalvany\/#primaryimage\"},\"image\":{\"@id\":\"https:\/\/drobinanorbert.hu\/termek\/kineziolgiai-tapasz-felhelyezese-ajandekutalvany\/#primaryimage\"},\"thumbnailUrl\":\"https:\/\/drobinanorbert.hu\/wp-content\/uploads\/2026\/03\/kinez-scaled.jpg\",\"datePublished\":\"2026-02-23T09:54:34+00:00\",\"dateModified\":\"2026-03-27T13:20:50+00:00\",\"breadcrumb\":{\"@id\":\"https:\/\/drobinanorbert.hu\/termek\/kineziolgiai-tapasz-felhelyezese-ajandekutalvany\/#breadcrumb\"},\"inLanguage\":\"en-GB\",\"potentialAction\":[{\"@type\":\"ReadAction\",\"target\":[\"https:\/\/drobinanorbert.hu\/termek\/kineziolgiai-tapasz-felhelyezese-ajandekutalvany\/\"]}]},{\"@type\":\"ImageObject\",\"inLanguage\":\"en-GB\",\"@id\":\"https:\/\/drobinanorbert.hu\/termek\/kineziolgiai-tapasz-felhelyezese-ajandekutalvany\/#primaryimage\",\"url\":\"https:\/\/drobinanorbert.hu\/wp-content\/uploads\/2026\/03\/kinez-scaled.jpg\",\"contentUrl\":\"https:\/\/drobinanorbert.hu\/wp-content\/uploads\/2026\/03\/kinez-scaled.jpg\",\"width\":2560,\"height\":1707},{\"@type\":\"BreadcrumbList\",\"@id\":\"https:\/\/drobinanorbert.hu\/termek\/kineziolgiai-tapasz-felhelyezese-ajandekutalvany\/#breadcrumb\",\"itemListElement\":[{\"@type\":\"ListItem\",\"position\":1,\"name\":\"Kezd\u0151lap\",\"item\":\"https:\/\/drobinanorbert.hu\/\"},{\"@type\":\"ListItem\",\"position\":2,\"name\":\"Shop\",\"item\":\"https:\/\/drobinanorbert.hu\/uzlet\/\"},{\"@type\":\"ListItem\",\"position\":3,\"name\":\"Kineziol\u00f3giai tapasz felhelyez\u00e9se aj\u00e1nd\u00e9kutalv\u00e1ny\"}]},{\"@type\":\"WebSite\",\"@id\":\"https:\/\/drobinanorbert.hu\/#website\",\"url\":\"https:\/\/drobinanorbert.hu\/\",\"name\":\"Drobinanorbert.hu\",\"description\":\"Drobinanorbert.hu\",\"publisher\":{\"@id\":\"https:\/\/drobinanorbert.hu\/#organization\"},\"potentialAction\":[{\"@type\":\"SearchAction\",\"target\":{\"@type\":\"EntryPoint\",\"urlTemplate\":\"https:\/\/drobinanorbert.hu\/?s={search_term_string}\"},\"query-input\":{\"@type\":\"PropertyValueSpecification\",\"valueRequired\":true,\"valueName\":\"search_term_string\"}}],\"inLanguage\":\"en-GB\"},{\"@type\":\"Organization\",\"@id\":\"https:\/\/drobinanorbert.hu\/#organization\",\"name\":\"Drobinanorbert.hu\",\"url\":\"https:\/\/drobinanorbert.hu\/\",\"logo\":{\"@type\":\"ImageObject\",\"inLanguage\":\"en-GB\",\"@id\":\"https:\/\/drobinanorbert.hu\/#\/schema\/logo\/image\/\",\"url\":\"https:\/\/drobinanorbert.hu\/wp-content\/uploads\/2025\/12\/logo-1.png\",\"contentUrl\":\"https:\/\/drobinanorbert.hu\/wp-content\/uploads\/2025\/12\/logo-1.png\",\"width\":1024,\"height\":1024,\"caption\":\"Drobinanorbert.hu\"},\"image\":{\"@id\":\"https:\/\/drobinanorbert.hu\/#\/schema\/logo\/image\/\"}}]}<\/script>\n<!-- \/ Yoast SEO Premium plugin. -->","yoast_head_json":{"title":"Kineziol\u00f3giai tapasz felhelyez\u00e9se aj\u00e1nd\u00e9kutalv\u00e1ny - Drobinanorbert.hu","robots":{"index":"index","follow":"follow","max-snippet":"max-snippet:-1","max-image-preview":"max-image-preview:large","max-video-preview":"max-video-preview:-1"},"canonical":"https:\/\/drobinanorbert.hu\/en\/product\/kineziolgiai-tapasz-felhelyezese-ajandekutalvany\/","og_locale":"en_GB","og_type":"article","og_title":"Kineziol\u00f3giai tapasz felhelyez\u00e9se aj\u00e1nd\u00e9kutalv\u00e1ny","og_url":"https:\/\/drobinanorbert.hu\/en\/product\/kineziolgiai-tapasz-felhelyezese-ajandekutalvany\/","og_site_name":"Drobinanorbert.hu","article_modified_time":"2026-03-27T13:20:50+00:00","og_image":[{"width":2560,"height":1707,"url":"https:\/\/drobinanorbert.hu\/wp-content\/uploads\/2026\/03\/kinez-scaled.jpg","type":"image\/jpeg"}],"twitter_card":"summary_large_image","twitter_misc":{"Estimated reading time":"1 minute"},"schema":{"@context":"https:\/\/schema.org","@graph":[{"@type":"WebPage","@id":"https:\/\/drobinanorbert.hu\/termek\/kineziolgiai-tapasz-felhelyezese-ajandekutalvany\/","url":"https:\/\/drobinanorbert.hu\/termek\/kineziolgiai-tapasz-felhelyezese-ajandekutalvany\/","name":"Kineziol\u00f3giai tapasz felhelyez\u00e9se aj\u00e1nd\u00e9kutalv\u00e1ny - Drobinanorbert.hu","isPartOf":{"@id":"https:\/\/drobinanorbert.hu\/#website"},"primaryImageOfPage":{"@id":"https:\/\/drobinanorbert.hu\/termek\/kineziolgiai-tapasz-felhelyezese-ajandekutalvany\/#primaryimage"},"image":{"@id":"https:\/\/drobinanorbert.hu\/termek\/kineziolgiai-tapasz-felhelyezese-ajandekutalvany\/#primaryimage"},"thumbnailUrl":"https:\/\/drobinanorbert.hu\/wp-content\/uploads\/2026\/03\/kinez-scaled.jpg","datePublished":"2026-02-23T09:54:34+00:00","dateModified":"2026-03-27T13:20:50+00:00","breadcrumb":{"@id":"https:\/\/drobinanorbert.hu\/termek\/kineziolgiai-tapasz-felhelyezese-ajandekutalvany\/#breadcrumb"},"inLanguage":"en-GB","potentialAction":[{"@type":"ReadAction","target":["https:\/\/drobinanorbert.hu\/termek\/kineziolgiai-tapasz-felhelyezese-ajandekutalvany\/"]}]},{"@type":"ImageObject","inLanguage":"en-GB","@id":"https:\/\/drobinanorbert.hu\/termek\/kineziolgiai-tapasz-felhelyezese-ajandekutalvany\/#primaryimage","url":"https:\/\/drobinanorbert.hu\/wp-content\/uploads\/2026\/03\/kinez-scaled.jpg","contentUrl":"https:\/\/drobinanorbert.hu\/wp-content\/uploads\/2026\/03\/kinez-scaled.jpg","width":2560,"height":1707},{"@type":"BreadcrumbList","@id":"https:\/\/drobinanorbert.hu\/termek\/kineziolgiai-tapasz-felhelyezese-ajandekutalvany\/#breadcrumb","itemListElement":[{"@type":"ListItem","position":1,"name":"Kezd\u0151lap","item":"https:\/\/drobinanorbert.hu\/"},{"@type":"ListItem","position":2,"name":"Shop","item":"https:\/\/drobinanorbert.hu\/uzlet\/"},{"@type":"ListItem","position":3,"name":"Kineziol\u00f3giai tapasz felhelyez\u00e9se aj\u00e1nd\u00e9kutalv\u00e1ny"}]},{"@type":"WebSite","@id":"https:\/\/drobinanorbert.hu\/#website","url":"https:\/\/drobinanorbert.hu\/","name":"Drobinanorbert.hu","description":"Drobinanorbert.hu","publisher":{"@id":"https:\/\/drobinanorbert.hu\/#organization"},"potentialAction":[{"@type":"SearchAction","target":{"@type":"EntryPoint","urlTemplate":"https:\/\/drobinanorbert.hu\/?s={search_term_string}"},"query-input":{"@type":"PropertyValueSpecification","valueRequired":true,"valueName":"search_term_string"}}],"inLanguage":"en-GB"},{"@type":"Organization","@id":"https:\/\/drobinanorbert.hu\/#organization","name":"Drobinanorbert.hu","url":"https:\/\/drobinanorbert.hu\/","logo":{"@type":"ImageObject","inLanguage":"en-GB","@id":"https:\/\/drobinanorbert.hu\/#\/schema\/logo\/image\/","url":"https:\/\/drobinanorbert.hu\/wp-content\/uploads\/2025\/12\/logo-1.png","contentUrl":"https:\/\/drobinanorbert.hu\/wp-content\/uploads\/2025\/12\/logo-1.png","width":1024,"height":1024,"caption":"Drobinanorbert.hu"},"image":{"@id":"https:\/\/drobinanorbert.hu\/#\/schema\/logo\/image\/"}}]}},"_links":{"self":[{"href":"https:\/\/drobinanorbert.hu\/en\/wp-json\/wp\/v2\/product\/3525","targetHints":{"allow":["GET"]}}],"collection":[{"href":"https:\/\/drobinanorbert.hu\/en\/wp-json\/wp\/v2\/product"}],"about":[{"href":"https:\/\/drobinanorbert.hu\/en\/wp-json\/wp\/v2\/types\/product"}],"replies":[{"embeddable":true,"href":"https:\/\/drobinanorbert.hu\/en\/wp-json\/wp\/v2\/comments?post=3525"}],"wp:featuredmedia":[{"embeddable":true,"href":"https:\/\/drobinanorbert.hu\/en\/wp-json\/wp\/v2\/media\/4204"}],"wp:attachment":[{"href":"https:\/\/drobinanorbert.hu\/en\/wp-json\/wp\/v2\/media?parent=3525"}],"wp:term":[{"taxonomy":"product_brand","embeddable":true,"href":"https:\/\/drobinanorbert.hu\/en\/wp-json\/wp\/v2\/product_brand?post=3525"},{"taxonomy":"product_cat","embeddable":true,"href":"https:\/\/drobinanorbert.hu\/en\/wp-json\/wp\/v2\/product_cat?post=3525"},{"taxonomy":"product_tag","embeddable":true,"href":"https:\/\/drobinanorbert.hu\/en\/wp-json\/wp\/v2\/product_tag?post=3525"}],"curies":[{"name":"wp","href":"https:\/\/api.w.org\/{rel}","templated":true}]}}